{"id":921,"date":"2024-08-27T12:21:24","date_gmt":"2024-08-27T12:21:24","guid":{"rendered":"https:\/\/www.kdksapieha.pl\/?page_id=921"},"modified":"2025-09-09T08:42:12","modified_gmt":"2025-09-09T08:42:12","slug":"taniec-nowoczesny","status":"publish","type":"page","link":"https:\/\/www.kdksapieha.pl\/index.php\/taniec-nowoczesny\/","title":{"rendered":"Taniec nowoczesny"},"content":{"rendered":"\n<p>Zaj\u0119cia pe\u0142ne energii i dynamiki. Na zaj\u0119ciach tworzone s\u0105 rytmiczne choreografie, dzi\u0119ki kt\u00f3rym uczestnicy mog\u0105 r\u00f3wnie\u017c \u0107wiczy\u0107 pami\u0119\u0107 muzyczn\u0105, a ponadto poprawiaj\u0105 swoj\u0105 koordynacj\u0119 i sprawno\u015b\u0107 ruchow\u0105.<\/p>\n\n\n\n<p>Dla dzieci 7+ <\/p>\n\n\n\n<p>Uwaga! Zorganizowanie zaj\u0119\u0107 b\u0119dzie uzale\u017cnione od liczby ch\u0119tnych.<br>Termin do uzgodnienia po zebraniu grupy<br>Mo\u017cliwe zaj\u0119cia przed po\u0142udniem.<\/p>\n\n\n\n<p>Koszt uczestnictwa w zaj\u0119ciach: 160 z\u0142 \/ miesi\u0105c<br>Karta zapisu: <a href=\"http:\/\/www.kdksapieha.pl\/wp-content\/uploads\/2025\/09\/Karta-zapisu-KDK-dzieci.pdf\" data-type=\"link\" data-id=\"http:\/\/www.kdksapieha.pl\/wp-content\/uploads\/2025\/09\/Karta-zapisu-KDK-dzieci.pdf\">Karta zapisu<\/a>, Regulamin zaj\u0119\u0107: <a href=\"http:\/\/www.kdksapieha.pl\/wp-content\/uploads\/2025\/09\/Regulamin-2024_2025-1.pdf\">Regulamin<\/a><\/p>\n","protected":false},"excerpt":{"rendered":"<p>Zaj\u0119cia pe\u0142ne energii i dynamiki. Na zaj\u0119ciach tworzone s\u0105 rytmiczne choreografie, dzi\u0119ki kt\u00f3rym uczestnicy mog\u0105 r\u00f3wnie\u017c \u0107wiczy\u0107 pami\u0119\u0107 muzyczn\u0105, a ponadto poprawiaj\u0105 swoj\u0105 koordynacj\u0119 i sprawno\u015b\u0107 ruchow\u0105. Dla dzieci 7+ Uwaga! Zorganizowanie zaj\u0119\u0107 b\u0119dzie uzale\u017cnione od liczby ch\u0119tnych.Termin do uzgodnienia po zebraniu grupyMo\u017cliwe zaj\u0119cia przed po\u0142udniem. Koszt uczestnictwa w zaj\u0119ciach: 160 z\u0142 \/ miesi\u0105cKarta zapisu: [&hellip;]<\/p>\n","protected":false},"author":1,"featured_media":0,"parent":0,"menu_order":0,"comment_status":"closed","ping_status":"closed","template":"","meta":{"footnotes":""},"class_list":["post-921","page","type-page","status-publish","hentry"],"blocksy_meta":[],"_links":{"self":[{"href":"https:\/\/www.kdksapieha.pl\/index.php\/wp-json\/wp\/v2\/pages\/921","targetHints":{"allow":["GET"]}}],"collection":[{"href":"https:\/\/www.kdksapieha.pl\/index.php\/wp-json\/wp\/v2\/pages"}],"about":[{"href":"https:\/\/www.kdksapieha.pl\/index.php\/wp-json\/wp\/v2\/types\/page"}],"author":[{"embeddable":true,"href":"https:\/\/www.kdksapieha.pl\/index.php\/wp-json\/wp\/v2\/users\/1"}],"replies":[{"embeddable":true,"href":"https:\/\/www.kdksapieha.pl\/index.php\/wp-json\/wp\/v2\/comments?post=921"}],"version-history":[{"count":9,"href":"https:\/\/www.kdksapieha.pl\/index.php\/wp-json\/wp\/v2\/pages\/921\/revisions"}],"predecessor-version":[{"id":1311,"href":"https:\/\/www.kdksapieha.pl\/index.php\/wp-json\/wp\/v2\/pages\/921\/revisions\/1311"}],"wp:attachment":[{"href":"https:\/\/www.kdksapieha.pl\/index.php\/wp-json\/wp\/v2\/media?parent=921"}],"curies":[{"name":"wp","href":"https:\/\/api.w.org\/{rel}","templated":true}]}}