{"id":861,"date":"2024-08-21T07:04:20","date_gmt":"2024-08-21T07:04:20","guid":{"rendered":"https:\/\/www.kdksapieha.pl\/?page_id=861"},"modified":"2025-08-12T04:51:54","modified_gmt":"2025-08-12T04:51:54","slug":"taniec-w-kregu","status":"publish","type":"page","link":"https:\/\/www.kdksapieha.pl\/index.php\/taniec-w-kregu\/","title":{"rendered":"Taniec w kr\u0119gu"},"content":{"rendered":"\n<p>Ide\u0105 ta\u0144c\u00f3w integracyjnych jest \u0142\u0105czenie ludzi, dawanie rado\u015bci poprzez wykonywanie prostych element\u00f3w i prostych uk\u0142ad\u00f3w choreograficznych ta\u0144c\u00f3w pochodz\u0105cych z ca\u0142ego \u015bwiata. Ich uproszczona forma pozwala szybko opanowa\u0107 podstawowe kroki i bawi\u0107 si\u0119 wsp\u00f3lnie z innymi.<\/p>\n\n\n\n<p>&nbsp;Taniec w kr\u0119gu daje poczucie wsparcia, poniewa\u017c nie ma tu rywalizacji, ta\u0144czony jest grupowo w kole lub korowodzie.&nbsp;<\/p>\n\n\n\n<p>Termin do ustalenia po zebraniu grupy.<\/p>\n\n\n\n<p>Uwaga! Zorganizowanie zaj\u0119\u0107 b\u0119dzie uzale\u017cnione od liczby ch\u0119tnych.<\/p>\n\n\n\n<p>Po uzgodnieniu z uczestnikami zmianie mo\u017ce tak\u017ce ulec proponowany termin.<\/p>\n\n\n\n<p>Mo\u017cliwe zaj\u0119cia przed po\u0142udniem.<\/p>\n\n\n\n<p>Koszt uczestnictwa w zaj\u0119ciach: 160 z\u0142 \/ miesi\u0105c<\/p>\n","protected":false},"excerpt":{"rendered":"<p>Ide\u0105 ta\u0144c\u00f3w integracyjnych jest \u0142\u0105czenie ludzi, dawanie rado\u015bci poprzez wykonywanie prostych element\u00f3w i prostych uk\u0142ad\u00f3w choreograficznych ta\u0144c\u00f3w pochodz\u0105cych z ca\u0142ego \u015bwiata. Ich uproszczona forma pozwala szybko opanowa\u0107 podstawowe kroki i bawi\u0107 si\u0119 wsp\u00f3lnie z innymi. &nbsp;Taniec w kr\u0119gu daje poczucie wsparcia, poniewa\u017c nie ma tu rywalizacji, ta\u0144czony jest grupowo w kole lub korowodzie.&nbsp; Termin do [&hellip;]<\/p>\n","protected":false},"author":1,"featured_media":0,"parent":0,"menu_order":4,"comment_status":"closed","ping_status":"closed","template":"","meta":{"footnotes":""},"class_list":["post-861","page","type-page","status-publish","hentry"],"blocksy_meta":[],"_links":{"self":[{"href":"https:\/\/www.kdksapieha.pl\/index.php\/wp-json\/wp\/v2\/pages\/861","targetHints":{"allow":["GET"]}}],"collection":[{"href":"https:\/\/www.kdksapieha.pl\/index.php\/wp-json\/wp\/v2\/pages"}],"about":[{"href":"https:\/\/www.kdksapieha.pl\/index.php\/wp-json\/wp\/v2\/types\/page"}],"author":[{"embeddable":true,"href":"https:\/\/www.kdksapieha.pl\/index.php\/wp-json\/wp\/v2\/users\/1"}],"replies":[{"embeddable":true,"href":"https:\/\/www.kdksapieha.pl\/index.php\/wp-json\/wp\/v2\/comments?post=861"}],"version-history":[{"count":5,"href":"https:\/\/www.kdksapieha.pl\/index.php\/wp-json\/wp\/v2\/pages\/861\/revisions"}],"predecessor-version":[{"id":1251,"href":"https:\/\/www.kdksapieha.pl\/index.php\/wp-json\/wp\/v2\/pages\/861\/revisions\/1251"}],"wp:attachment":[{"href":"https:\/\/www.kdksapieha.pl\/index.php\/wp-json\/wp\/v2\/media?parent=861"}],"curies":[{"name":"wp","href":"https:\/\/api.w.org\/{rel}","templated":true}]}}