{"id":691,"date":"2024-03-21T16:26:57","date_gmt":"2024-03-21T16:26:57","guid":{"rendered":"https:\/\/www.kdksapieha.pl\/?page_id=691"},"modified":"2025-09-09T08:42:16","modified_gmt":"2025-09-09T08:42:16","slug":"taniec-z-elementami-baletu","status":"publish","type":"page","link":"https:\/\/www.kdksapieha.pl\/index.php\/taniec-z-elementami-baletu\/","title":{"rendered":"Taniec z elementami baletu"},"content":{"rendered":"\n<p>Zaj\u0119cia taneczne skupiaj\u0105 si\u0119 nie tylko na nauce podstawowych element\u00f3w baletu, ale tak\u017ce integruj\u0105 elementy gimnastyczne oraz podstawowe akrobacje. Dzieci maj\u0105 okazj\u0119 pracowa\u0107 z r\u00f3\u017cnorodnymi przyborami, takimi jak wst\u0105\u017cki, obr\u0119cze czy skakanki, co wspomaga ich rozw\u00f3j motoryczny i zdolno\u015bci koordynacyjne.<br>Ponadto dzieci zapoznaj\u0105 si\u0119 z pozycjami i s\u0142ownictwem baletowym i ucz\u0105 si\u0119 nawyk\u00f3w prawid\u0142owej postawy cia\u0142a. Poprzez \u0107wiczenia wyrabiaj\u0105 p\u0142ynno\u015b\u0107 i estetyk\u0119 ruchu, a tak\u017ce rozwijaj\u0105 wra\u017cliwo\u015b\u0107 na pi\u0119kno oraz poczucie estetyki.<br>Zaj\u0119cia maj\u0105 na celu nie tylko rozwijanie umiej\u0119tno\u015bci tanecznych, ale r\u00f3wnie\u017c kszta\u0142towanie w dzieciach poczucia rytmu, muzykalno\u015bci oraz koordynacji ruchu. Przyjazna atmosfera sprzyja pozytywnemu rozwojowi ka\u017cdego uczestnika, a instruktorzy dbaj\u0105 o to, by ka\u017cde dziecko mog\u0142o czerpa\u0107 rado\u015b\u0107 z ta\u0144ca i rozwija\u0107 swoje talenty.<\/p>\n\n\n\n<p>Wtorki godz. 16.30 \u2013 17.15<\/p>\n\n\n\n<p>Uwaga! Zorganizowanie zaj\u0119\u0107 b\u0119dzie uzale\u017cnione od liczby ch\u0119tnych.<br>Po uzgodnieniu z uczestnikami zmianie mo\u017ce tak\u017ce ulec proponowany termin.<br>Mo\u017cliwe zaj\u0119cia przed po\u0142udniem.<\/p>\n\n\n\n<figure class=\"wp-block-gallery has-nested-images columns-4 is-cropped wp-block-gallery-1 is-layout-flex wp-block-gallery-is-layout-flex\">\n<figure data-wp-context=\"{&quot;imageId&quot;:&quot;69e739d913eae&quot;}\" data-wp-interactive=\"core\/image\" data-wp-key=\"69e739d913eae\" class=\"wp-block-image size-large wp-lightbox-container\"><img loading=\"lazy\" decoding=\"async\" width=\"1024\" height=\"768\" data-wp-class--hide=\"state.isContentHidden\" data-wp-class--show=\"state.isContentVisible\" data-wp-init=\"callbacks.setButtonStyles\" data-wp-on--click=\"actions.showLightbox\" data-wp-on--load=\"callbacks.setButtonStyles\" data-wp-on-window--resize=\"callbacks.setButtonStyles\" data-id=\"784\" src=\"https:\/\/www.kdksapieha.pl\/wp-content\/uploads\/2024\/04\/balet-1024x768.jpg\" alt=\"\" class=\"wp-image-784\" srcset=\"https:\/\/www.kdksapieha.pl\/wp-content\/uploads\/2024\/04\/balet-1024x768.jpg 1024w, https:\/\/www.kdksapieha.pl\/wp-content\/uploads\/2024\/04\/balet-300x225.jpg 300w, https:\/\/www.kdksapieha.pl\/wp-content\/uploads\/2024\/04\/balet-768x576.jpg 768w, https:\/\/www.kdksapieha.pl\/wp-content\/uploads\/2024\/04\/balet-1536x1152.jpg 1536w, https:\/\/www.kdksapieha.pl\/wp-content\/uploads\/2024\/04\/balet.jpg 2048w\" sizes=\"auto, (max-width: 1024px) 100vw, 1024px\" \/><button\n\t\t\tclass=\"lightbox-trigger\"\n\t\t\ttype=\"button\"\n\t\t\taria-haspopup=\"dialog\"\n\t\t\taria-label=\"Powi\u0119ksz\"\n\t\t\tdata-wp-init=\"callbacks.initTriggerButton\"\n\t\t\tdata-wp-on--click=\"actions.showLightbox\"\n\t\t\tdata-wp-style--right=\"state.imageButtonRight\"\n\t\t\tdata-wp-style--top=\"state.imageButtonTop\"\n\t\t>\n\t\t\t<svg xmlns=\"http:\/\/www.w3.org\/2000\/svg\" width=\"12\" height=\"12\" fill=\"none\" viewBox=\"0 0 12 12\">\n\t\t\t\t<path fill=\"#fff\" d=\"M2 0a2 2 0 0 0-2 2v2h1.5V2a.5.5 0 0 1 .5-.5h2V0H2Zm2 10.5H2a.5.5 0 0 1-.5-.5V8H0v2a2 2 0 0 0 2 2h2v-1.5ZM8 12v-1.5h2a.5.5 0 0 0 .5-.5V8H12v2a2 2 0 0 1-2 2H8Zm2-12a2 2 0 0 1 2 2v2h-1.5V2a.5.5 0 0 0-.5-.5H8V0h2Z\" \/>\n\t\t\t<\/svg>\n\t\t<\/button><\/figure>\n\n\n\n<figure data-wp-context=\"{&quot;imageId&quot;:&quot;69e739d91448a&quot;}\" data-wp-interactive=\"core\/image\" data-wp-key=\"69e739d91448a\" class=\"wp-block-image size-large wp-lightbox-container\"><img loading=\"lazy\" decoding=\"async\" width=\"1024\" height=\"768\" data-wp-class--hide=\"state.isContentHidden\" data-wp-class--show=\"state.isContentVisible\" data-wp-init=\"callbacks.setButtonStyles\" data-wp-on--click=\"actions.showLightbox\" data-wp-on--load=\"callbacks.setButtonStyles\" data-wp-on-window--resize=\"callbacks.setButtonStyles\" data-id=\"786\" src=\"https:\/\/www.kdksapieha.pl\/wp-content\/uploads\/2024\/04\/balet1-1024x768.jpg\" alt=\"\" class=\"wp-image-786\" srcset=\"https:\/\/www.kdksapieha.pl\/wp-content\/uploads\/2024\/04\/balet1-1024x768.jpg 1024w, https:\/\/www.kdksapieha.pl\/wp-content\/uploads\/2024\/04\/balet1-300x225.jpg 300w, https:\/\/www.kdksapieha.pl\/wp-content\/uploads\/2024\/04\/balet1-768x576.jpg 768w, https:\/\/www.kdksapieha.pl\/wp-content\/uploads\/2024\/04\/balet1-1536x1152.jpg 1536w, https:\/\/www.kdksapieha.pl\/wp-content\/uploads\/2024\/04\/balet1.jpg 2048w\" sizes=\"auto, (max-width: 1024px) 100vw, 1024px\" \/><button\n\t\t\tclass=\"lightbox-trigger\"\n\t\t\ttype=\"button\"\n\t\t\taria-haspopup=\"dialog\"\n\t\t\taria-label=\"Powi\u0119ksz\"\n\t\t\tdata-wp-init=\"callbacks.initTriggerButton\"\n\t\t\tdata-wp-on--click=\"actions.showLightbox\"\n\t\t\tdata-wp-style--right=\"state.imageButtonRight\"\n\t\t\tdata-wp-style--top=\"state.imageButtonTop\"\n\t\t>\n\t\t\t<svg xmlns=\"http:\/\/www.w3.org\/2000\/svg\" width=\"12\" height=\"12\" fill=\"none\" viewBox=\"0 0 12 12\">\n\t\t\t\t<path fill=\"#fff\" d=\"M2 0a2 2 0 0 0-2 2v2h1.5V2a.5.5 0 0 1 .5-.5h2V0H2Zm2 10.5H2a.5.5 0 0 1-.5-.5V8H0v2a2 2 0 0 0 2 2h2v-1.5ZM8 12v-1.5h2a.5.5 0 0 0 .5-.5V8H12v2a2 2 0 0 1-2 2H8Zm2-12a2 2 0 0 1 2 2v2h-1.5V2a.5.5 0 0 0-.5-.5H8V0h2Z\" \/>\n\t\t\t<\/svg>\n\t\t<\/button><\/figure>\n\n\n\n<figure data-wp-context=\"{&quot;imageId&quot;:&quot;69e739d914989&quot;}\" data-wp-interactive=\"core\/image\" data-wp-key=\"69e739d914989\" class=\"wp-block-image size-large wp-lightbox-container\"><img loading=\"lazy\" decoding=\"async\" width=\"1024\" height=\"768\" data-wp-class--hide=\"state.isContentHidden\" data-wp-class--show=\"state.isContentVisible\" data-wp-init=\"callbacks.setButtonStyles\" data-wp-on--click=\"actions.showLightbox\" data-wp-on--load=\"callbacks.setButtonStyles\" data-wp-on-window--resize=\"callbacks.setButtonStyles\" data-id=\"785\" src=\"https:\/\/www.kdksapieha.pl\/wp-content\/uploads\/2024\/04\/balet2-1024x768.jpg\" alt=\"\" class=\"wp-image-785\" srcset=\"https:\/\/www.kdksapieha.pl\/wp-content\/uploads\/2024\/04\/balet2-1024x768.jpg 1024w, https:\/\/www.kdksapieha.pl\/wp-content\/uploads\/2024\/04\/balet2-300x225.jpg 300w, https:\/\/www.kdksapieha.pl\/wp-content\/uploads\/2024\/04\/balet2-768x576.jpg 768w, https:\/\/www.kdksapieha.pl\/wp-content\/uploads\/2024\/04\/balet2-1536x1152.jpg 1536w, https:\/\/www.kdksapieha.pl\/wp-content\/uploads\/2024\/04\/balet2.jpg 2048w\" sizes=\"auto, (max-width: 1024px) 100vw, 1024px\" \/><button\n\t\t\tclass=\"lightbox-trigger\"\n\t\t\ttype=\"button\"\n\t\t\taria-haspopup=\"dialog\"\n\t\t\taria-label=\"Powi\u0119ksz\"\n\t\t\tdata-wp-init=\"callbacks.initTriggerButton\"\n\t\t\tdata-wp-on--click=\"actions.showLightbox\"\n\t\t\tdata-wp-style--right=\"state.imageButtonRight\"\n\t\t\tdata-wp-style--top=\"state.imageButtonTop\"\n\t\t>\n\t\t\t<svg xmlns=\"http:\/\/www.w3.org\/2000\/svg\" width=\"12\" height=\"12\" fill=\"none\" viewBox=\"0 0 12 12\">\n\t\t\t\t<path fill=\"#fff\" d=\"M2 0a2 2 0 0 0-2 2v2h1.5V2a.5.5 0 0 1 .5-.5h2V0H2Zm2 10.5H2a.5.5 0 0 1-.5-.5V8H0v2a2 2 0 0 0 2 2h2v-1.5ZM8 12v-1.5h2a.5.5 0 0 0 .5-.5V8H12v2a2 2 0 0 1-2 2H8Zm2-12a2 2 0 0 1 2 2v2h-1.5V2a.5.5 0 0 0-.5-.5H8V0h2Z\" \/>\n\t\t\t<\/svg>\n\t\t<\/button><\/figure>\n\n\n\n<figure data-wp-context=\"{&quot;imageId&quot;:&quot;69e739d914e68&quot;}\" data-wp-interactive=\"core\/image\" data-wp-key=\"69e739d914e68\" class=\"wp-block-image size-large wp-lightbox-container\"><img loading=\"lazy\" decoding=\"async\" width=\"600\" height=\"450\" data-wp-class--hide=\"state.isContentHidden\" data-wp-class--show=\"state.isContentVisible\" data-wp-init=\"callbacks.setButtonStyles\" data-wp-on--click=\"actions.showLightbox\" data-wp-on--load=\"callbacks.setButtonStyles\" data-wp-on-window--resize=\"callbacks.setButtonStyles\" data-id=\"783\" src=\"https:\/\/www.kdksapieha.pl\/wp-content\/uploads\/2024\/04\/balet3.jpg\" alt=\"\" class=\"wp-image-783\" srcset=\"https:\/\/www.kdksapieha.pl\/wp-content\/uploads\/2024\/04\/balet3.jpg 600w, https:\/\/www.kdksapieha.pl\/wp-content\/uploads\/2024\/04\/balet3-300x225.jpg 300w\" sizes=\"auto, (max-width: 600px) 100vw, 600px\" \/><button\n\t\t\tclass=\"lightbox-trigger\"\n\t\t\ttype=\"button\"\n\t\t\taria-haspopup=\"dialog\"\n\t\t\taria-label=\"Powi\u0119ksz\"\n\t\t\tdata-wp-init=\"callbacks.initTriggerButton\"\n\t\t\tdata-wp-on--click=\"actions.showLightbox\"\n\t\t\tdata-wp-style--right=\"state.imageButtonRight\"\n\t\t\tdata-wp-style--top=\"state.imageButtonTop\"\n\t\t>\n\t\t\t<svg xmlns=\"http:\/\/www.w3.org\/2000\/svg\" width=\"12\" height=\"12\" fill=\"none\" viewBox=\"0 0 12 12\">\n\t\t\t\t<path fill=\"#fff\" d=\"M2 0a2 2 0 0 0-2 2v2h1.5V2a.5.5 0 0 1 .5-.5h2V0H2Zm2 10.5H2a.5.5 0 0 1-.5-.5V8H0v2a2 2 0 0 0 2 2h2v-1.5ZM8 12v-1.5h2a.5.5 0 0 0 .5-.5V8H12v2a2 2 0 0 1-2 2H8Zm2-12a2 2 0 0 1 2 2v2h-1.5V2a.5.5 0 0 0-.5-.5H8V0h2Z\" \/>\n\t\t\t<\/svg>\n\t\t<\/button><\/figure>\n<\/figure>\n\n\n\n<p>Koszt uczestnictwa w zaj\u0119ciach: 160 z\u0142 \/ miesi\u0105c<br>Karta zapisu: <a href=\"http:\/\/www.kdksapieha.pl\/wp-content\/uploads\/2025\/09\/Karta-zapisu-KDK-dzieci.pdf\" data-type=\"link\" data-id=\"http:\/\/www.kdksapieha.pl\/wp-content\/uploads\/2025\/09\/Karta-zapisu-KDK-dzieci.pdf\">Karta zapisu<\/a>, Regulamin zaj\u0119\u0107: <a href=\"http:\/\/www.kdksapieha.pl\/wp-content\/uploads\/2025\/09\/Regulamin-2024_2025-1.pdf\">Regulamin<\/a><\/p>\n\n\n\n<p><\/p>\n","protected":false},"excerpt":{"rendered":"<p>Zaj\u0119cia taneczne skupiaj\u0105 si\u0119 nie tylko na nauce podstawowych element\u00f3w baletu, ale tak\u017ce integruj\u0105 elementy gimnastyczne oraz podstawowe akrobacje. Dzieci maj\u0105 okazj\u0119 pracowa\u0107 z r\u00f3\u017cnorodnymi przyborami, takimi jak wst\u0105\u017cki, obr\u0119cze czy skakanki, co wspomaga ich rozw\u00f3j motoryczny i zdolno\u015bci koordynacyjne.Ponadto dzieci zapoznaj\u0105 si\u0119 z pozycjami i s\u0142ownictwem baletowym i ucz\u0105 si\u0119 nawyk\u00f3w prawid\u0142owej postawy cia\u0142a. [&hellip;]<\/p>\n","protected":false},"author":1,"featured_media":0,"parent":0,"menu_order":4,"comment_status":"closed","ping_status":"closed","template":"","meta":{"footnotes":""},"class_list":["post-691","page","type-page","status-publish","hentry"],"blocksy_meta":[],"_links":{"self":[{"href":"https:\/\/www.kdksapieha.pl\/index.php\/wp-json\/wp\/v2\/pages\/691","targetHints":{"allow":["GET"]}}],"collection":[{"href":"https:\/\/www.kdksapieha.pl\/index.php\/wp-json\/wp\/v2\/pages"}],"about":[{"href":"https:\/\/www.kdksapieha.pl\/index.php\/wp-json\/wp\/v2\/types\/page"}],"author":[{"embeddable":true,"href":"https:\/\/www.kdksapieha.pl\/index.php\/wp-json\/wp\/v2\/users\/1"}],"replies":[{"embeddable":true,"href":"https:\/\/www.kdksapieha.pl\/index.php\/wp-json\/wp\/v2\/comments?post=691"}],"version-history":[{"count":19,"href":"https:\/\/www.kdksapieha.pl\/index.php\/wp-json\/wp\/v2\/pages\/691\/revisions"}],"predecessor-version":[{"id":1312,"href":"https:\/\/www.kdksapieha.pl\/index.php\/wp-json\/wp\/v2\/pages\/691\/revisions\/1312"}],"wp:attachment":[{"href":"https:\/\/www.kdksapieha.pl\/index.php\/wp-json\/wp\/v2\/media?parent=691"}],"curies":[{"name":"wp","href":"https:\/\/api.w.org\/{rel}","templated":true}]}}