{"id":658,"date":"2024-02-20T17:09:45","date_gmt":"2024-02-20T17:09:45","guid":{"rendered":"http:\/\/www.kdksapieha.pl\/?page_id=658"},"modified":"2025-08-14T06:43:51","modified_gmt":"2025-08-14T06:43:51","slug":"klub-rodzicow-z-dziecmi-do-lat-3","status":"publish","type":"page","link":"https:\/\/www.kdksapieha.pl\/index.php\/klub-rodzicow-z-dziecmi-do-lat-3\/","title":{"rendered":"Klub Rodzic\u00f3w z dzie\u0107mi do lat 3"},"content":{"rendered":"\n<p>Klub Rodzic\u00f3w prowadzony przez Stowarzyszenie Kultura i Edukacja to miejsce radosnych zabaw oraz przyjaznych, integracyjnych i tw\u00f3rczych spotka\u0144 przeznaczonych dla rodzic\u00f3w i opiekun\u00f3w z dzie\u0107mi do lat 3, a tak\u017ce dla rodzic\u00f3w oczekuj\u0105cych na potomstwo.<\/p>\n\n\n\n<p>Klub znajduje si\u0119 w budynku Katolickiego Domu Kultury im. ks. kard. A. S. Sapiehy przy ul. Bobrowskiego 6.<\/p>\n\n\n\n<p>W ramach dzia\u0142alno\u015bci Klubu proponujemy bogat\u0105 ofert\u0119 zaj\u0119\u0107 og\u00f3lnorozwojowych dla dzieci, warsztaty edukacyjne, kulturalne i rekreacyjne dla rodzic\u00f3w, a tak\u017ce wiele innych atrakcyjnych spotka\u0144. Wszystkie zaj\u0119cia s\u0105 bezp\u0142atne.<\/p>\n\n\n\n<p>Prowadzenie Klubu Rodzic\u00f3w z dzie\u0107mi do lat 3 jest zadaniem publicznym finansowanym ze \u015brodk\u00f3w Miasta Krakowa<\/p>\n\n\n\n<p><a href=\"https:\/\/www.facebook.com\/profile.php?id=100064714537649\">Klub Rodzic\u00f3w Bobrowskiego 6 <\/a><\/p>\n\n\n\n<p><\/p>\n\n\n\n<div class=\"wp-block-media-text is-stacked-on-mobile\" style=\"grid-template-columns:23% auto\"><figure class=\"wp-block-media-text__media\"><img loading=\"lazy\" decoding=\"async\" width=\"216\" height=\"96\" src=\"http:\/\/www.kdksapieha.pl\/wp-content\/uploads\/2024\/04\/aa.jpg\" alt=\"\" class=\"wp-image-748 size-full\"\/><\/figure><div class=\"wp-block-media-text__content\">\n<p><strong>KONTAKT:<\/strong><br>Stowarzyszenie Kultura i Edukacja<br>ul. Bobrowskiego 6, 31-552 Krak\u00f3w<br>Tel.: 12 417 35 00<br>E-mail: biuro@skie.org.pl<br>WWW: <a href=\"http:\/\/www.skie.org.pl\">skie.org.pl<\/a><\/p>\n<\/div><\/div>\n","protected":false},"excerpt":{"rendered":"<p>Klub Rodzic\u00f3w prowadzony przez Stowarzyszenie Kultura i Edukacja to miejsce radosnych zabaw oraz przyjaznych, integracyjnych i tw\u00f3rczych spotka\u0144 przeznaczonych dla rodzic\u00f3w i opiekun\u00f3w z dzie\u0107mi do lat 3, a tak\u017ce dla rodzic\u00f3w oczekuj\u0105cych na potomstwo. Klub znajduje si\u0119 w budynku Katolickiego Domu Kultury im. ks. kard. A. S. Sapiehy przy ul. Bobrowskiego 6. W ramach [&hellip;]<\/p>\n","protected":false},"author":1,"featured_media":0,"parent":0,"menu_order":4,"comment_status":"closed","ping_status":"closed","template":"","meta":{"footnotes":""},"class_list":["post-658","page","type-page","status-publish","hentry"],"blocksy_meta":[],"_links":{"self":[{"href":"https:\/\/www.kdksapieha.pl\/index.php\/wp-json\/wp\/v2\/pages\/658","targetHints":{"allow":["GET"]}}],"collection":[{"href":"https:\/\/www.kdksapieha.pl\/index.php\/wp-json\/wp\/v2\/pages"}],"about":[{"href":"https:\/\/www.kdksapieha.pl\/index.php\/wp-json\/wp\/v2\/types\/page"}],"author":[{"embeddable":true,"href":"https:\/\/www.kdksapieha.pl\/index.php\/wp-json\/wp\/v2\/users\/1"}],"replies":[{"embeddable":true,"href":"https:\/\/www.kdksapieha.pl\/index.php\/wp-json\/wp\/v2\/comments?post=658"}],"version-history":[{"count":5,"href":"https:\/\/www.kdksapieha.pl\/index.php\/wp-json\/wp\/v2\/pages\/658\/revisions"}],"predecessor-version":[{"id":1267,"href":"https:\/\/www.kdksapieha.pl\/index.php\/wp-json\/wp\/v2\/pages\/658\/revisions\/1267"}],"wp:attachment":[{"href":"https:\/\/www.kdksapieha.pl\/index.php\/wp-json\/wp\/v2\/media?parent=658"}],"curies":[{"name":"wp","href":"https:\/\/api.w.org\/{rel}","templated":true}]}}