{"id":48,"date":"2023-12-30T06:48:10","date_gmt":"2023-12-30T06:48:10","guid":{"rendered":"https:\/\/www.kdksapieha.pl\/?page_id=48"},"modified":"2025-08-12T04:53:23","modified_gmt":"2025-08-12T04:53:23","slug":"decoupage","status":"publish","type":"page","link":"https:\/\/www.kdksapieha.pl\/index.php\/decoupage\/","title":{"rendered":"Decoupage"},"content":{"rendered":"\n<p>Kursy decoupage&#8217;u (czyt. dekupa\u017cu) s\u0105 przeznaczone zar\u00f3wno dla doros\u0142ych, jak i m\u0142odzie\u017cy.<\/p>\n\n\n\n<p>Technika ta nie wymaga specjalnych zdolno\u015bci plastycznych, poniewa\u017c korzysta si\u0119 z gotowych wzor\u00f3w i reprodukcji, kt\u00f3re po prostu wycina si\u0119 (franc. &#8222;decouper&#8221; = wycina\u0107). Wystarcz\u0105 dobre ch\u0119ci, sprawne r\u0119ce i odrobina staranno\u015bci.<\/p>\n\n\n\n<p>Podczas zaj\u0119\u0107 w cz\u0119\u015bci teoretycznej omawiane s\u0105 materia\u0142y, sposoby przygotowania powierzchni, zasady doboru motyw\u00f3w i kompozycji, a tak\u017ce zastosowanie \u015brodk\u00f3w i metod specjalnych oraz sposoby wyko\u0144czania prac. Pod fachowym okiem instruktora ka\u017cdy uczestnik wykonuje prace, kt\u00f3re nast\u0119pnie zabiera do domu. Otrzymuje tak\u017ce instrukcje pisemne, adresy sklep\u00f3w, spis potrzebnych materia\u0142\u00f3w oraz literatury, kt\u00f3re pomog\u0105 kontynuowa\u0107 to hobby w domowych warunkach. Na zako\u0144czenie kursu ka\u017cdy uczestnik otrzymuje certyfikat potwierdzaj\u0105cy uczestnictwo w kursie oraz znajomo\u015b\u0107 techniki decoupage.<\/p>\n\n\n\n<p>Na kursie podstawowym uczestnicy poznaj\u0105 tajniki zdobienia przedmiot\u00f3w codziennego u\u017cytku, wykorzystuj\u0105c metod\u0119 decoupage&#8217;u klasycznego, metod\u0119 &#8222;na \u017celazko&#8221;, poznaj\u0105 sposoby cieniowania pittorico, postarzania (shabby chic i sp\u0119kania), z\u0142ocenia, decoupage 3D (tr\u00f3jwymiarowy), pracuj\u0105 z pastami i masami strukturalnymi, szablonami oraz wykonuj\u0105 ikony. W miar\u0119 zaawansowania nauki, uczestnicy poszerzaj\u0105 umiej\u0119tno\u015bci o prac\u0119 na szkle, patchwork-decoupage, decoupage na \u015bwiecy (z woskowymi masami strukturalnymi), na tkaninie, blejtramie oraz z wykorzystaniem specjalnych medi\u00f3w oraz nietypowych materia\u0142\u00f3w (skorupek, kamieni, suszonych ro\u015blin, tkanin, koronek itp.).<\/p>\n\n\n\n<p>Po uko\u0144czeniu kursu podstawowego mo\u017cna kontynuowa\u0107 nauk\u0119 na zaj\u0119ciach dla grupy zaawansowanej. Uczestnicy przynosz\u0105 w\u0142asne przedmioty do ozdobienia, korzystaj\u0105c z materia\u0142\u00f3w pracowni i pod okiem instruktora. Na tych zaj\u0119ciach rodz\u0105 si\u0119 nowe pomys\u0142y, wzajemne inspiracje przyczyniaj\u0105 si\u0119 do powstawania nowatorskich rozwi\u0105za\u0144, rozwi\u0105zywane s\u0105 problemy techniczne oraz wprowadzane s\u0105 nowinki technologiczne.<\/p>\n\n\n\n<p>Zaj\u0119cia prowadzi absolwentka krakowskiej ASP &#8211; artystka plastyk Ma\u0142gorzata Rawska.<\/p>\n\n\n\n<figure class=\"wp-block-gallery has-nested-images columns-default is-cropped wp-block-gallery-1 is-layout-flex wp-block-gallery-is-layout-flex\">\n<figure data-wp-context=\"{&quot;imageId&quot;:&quot;69e4cec0be09b&quot;}\" data-wp-interactive=\"core\/image\" data-wp-key=\"69e4cec0be09b\" class=\"wp-block-image size-large wp-lightbox-container\"><img loading=\"lazy\" decoding=\"async\" width=\"800\" height=\"532\" data-wp-class--hide=\"state.isContentHidden\" data-wp-class--show=\"state.isContentVisible\" data-wp-init=\"callbacks.setButtonStyles\" data-wp-on--click=\"actions.showLightbox\" data-wp-on--load=\"callbacks.setButtonStyles\" data-wp-on-window--resize=\"callbacks.setButtonStyles\" data-id=\"189\" src=\"https:\/\/www.kdksapieha.pl\/wp-content\/uploads\/2023\/12\/0007_20150324.jpg\" alt=\"\" class=\"wp-image-189\" srcset=\"https:\/\/www.kdksapieha.pl\/wp-content\/uploads\/2023\/12\/0007_20150324.jpg 800w, https:\/\/www.kdksapieha.pl\/wp-content\/uploads\/2023\/12\/0007_20150324-300x200.jpg 300w, https:\/\/www.kdksapieha.pl\/wp-content\/uploads\/2023\/12\/0007_20150324-768x511.jpg 768w\" sizes=\"auto, (max-width: 800px) 100vw, 800px\" \/><button\n\t\t\tclass=\"lightbox-trigger\"\n\t\t\ttype=\"button\"\n\t\t\taria-haspopup=\"dialog\"\n\t\t\taria-label=\"Powi\u0119ksz\"\n\t\t\tdata-wp-init=\"callbacks.initTriggerButton\"\n\t\t\tdata-wp-on--click=\"actions.showLightbox\"\n\t\t\tdata-wp-style--right=\"state.imageButtonRight\"\n\t\t\tdata-wp-style--top=\"state.imageButtonTop\"\n\t\t>\n\t\t\t<svg xmlns=\"http:\/\/www.w3.org\/2000\/svg\" width=\"12\" height=\"12\" fill=\"none\" viewBox=\"0 0 12 12\">\n\t\t\t\t<path fill=\"#fff\" d=\"M2 0a2 2 0 0 0-2 2v2h1.5V2a.5.5 0 0 1 .5-.5h2V0H2Zm2 10.5H2a.5.5 0 0 1-.5-.5V8H0v2a2 2 0 0 0 2 2h2v-1.5ZM8 12v-1.5h2a.5.5 0 0 0 .5-.5V8H12v2a2 2 0 0 1-2 2H8Zm2-12a2 2 0 0 1 2 2v2h-1.5V2a.5.5 0 0 0-.5-.5H8V0h2Z\" \/>\n\t\t\t<\/svg>\n\t\t<\/button><\/figure>\n\n\n\n<figure class=\"wp-block-image size-large\"><img loading=\"lazy\" decoding=\"async\" width=\"800\" height=\"532\" data-id=\"188\" src=\"https:\/\/www.kdksapieha.pl\/wp-content\/uploads\/2023\/12\/0010_20150324.jpg\" alt=\"\" class=\"wp-image-188\" srcset=\"https:\/\/www.kdksapieha.pl\/wp-content\/uploads\/2023\/12\/0010_20150324.jpg 800w, https:\/\/www.kdksapieha.pl\/wp-content\/uploads\/2023\/12\/0010_20150324-300x200.jpg 300w, https:\/\/www.kdksapieha.pl\/wp-content\/uploads\/2023\/12\/0010_20150324-768x511.jpg 768w\" sizes=\"auto, (max-width: 800px) 100vw, 800px\" \/><\/figure>\n\n\n\n<figure class=\"wp-block-image size-large\"><img loading=\"lazy\" decoding=\"async\" width=\"800\" height=\"531\" data-id=\"191\" src=\"https:\/\/www.kdksapieha.pl\/wp-content\/uploads\/2023\/12\/DSC_5297_20100406.jpg\" alt=\"\" class=\"wp-image-191\" srcset=\"https:\/\/www.kdksapieha.pl\/wp-content\/uploads\/2023\/12\/DSC_5297_20100406.jpg 800w, https:\/\/www.kdksapieha.pl\/wp-content\/uploads\/2023\/12\/DSC_5297_20100406-300x199.jpg 300w, https:\/\/www.kdksapieha.pl\/wp-content\/uploads\/2023\/12\/DSC_5297_20100406-768x510.jpg 768w\" sizes=\"auto, (max-width: 800px) 100vw, 800px\" \/><\/figure>\n\n\n\n<figure class=\"wp-block-image size-large\"><img loading=\"lazy\" decoding=\"async\" width=\"800\" height=\"600\" data-id=\"190\" src=\"https:\/\/www.kdksapieha.pl\/wp-content\/uploads\/2023\/12\/DSCF4737_20160907.jpg\" alt=\"\" class=\"wp-image-190\" srcset=\"https:\/\/www.kdksapieha.pl\/wp-content\/uploads\/2023\/12\/DSCF4737_20160907.jpg 800w, https:\/\/www.kdksapieha.pl\/wp-content\/uploads\/2023\/12\/DSCF4737_20160907-300x225.jpg 300w, https:\/\/www.kdksapieha.pl\/wp-content\/uploads\/2023\/12\/DSCF4737_20160907-768x576.jpg 768w\" sizes=\"auto, (max-width: 800px) 100vw, 800px\" \/><\/figure>\n\n\n\n<figure class=\"wp-block-image size-large\"><img loading=\"lazy\" decoding=\"async\" width=\"800\" height=\"600\" data-id=\"192\" src=\"https:\/\/www.kdksapieha.pl\/wp-content\/uploads\/2023\/12\/DSCF4975_20160907.jpg\" alt=\"\" class=\"wp-image-192\" srcset=\"https:\/\/www.kdksapieha.pl\/wp-content\/uploads\/2023\/12\/DSCF4975_20160907.jpg 800w, https:\/\/www.kdksapieha.pl\/wp-content\/uploads\/2023\/12\/DSCF4975_20160907-300x225.jpg 300w, https:\/\/www.kdksapieha.pl\/wp-content\/uploads\/2023\/12\/DSCF4975_20160907-768x576.jpg 768w\" sizes=\"auto, (max-width: 800px) 100vw, 800px\" \/><\/figure>\n\n\n\n<figure class=\"wp-block-image size-large\"><img loading=\"lazy\" decoding=\"async\" width=\"800\" height=\"600\" data-id=\"194\" src=\"https:\/\/www.kdksapieha.pl\/wp-content\/uploads\/2023\/12\/DSCF8313_20160907.jpg\" alt=\"\" class=\"wp-image-194\" srcset=\"https:\/\/www.kdksapieha.pl\/wp-content\/uploads\/2023\/12\/DSCF8313_20160907.jpg 800w, https:\/\/www.kdksapieha.pl\/wp-content\/uploads\/2023\/12\/DSCF8313_20160907-300x225.jpg 300w, https:\/\/www.kdksapieha.pl\/wp-content\/uploads\/2023\/12\/DSCF8313_20160907-768x576.jpg 768w\" sizes=\"auto, (max-width: 800px) 100vw, 800px\" \/><\/figure>\n\n\n\n<figure class=\"wp-block-image size-full\"><img loading=\"lazy\" decoding=\"async\" width=\"800\" height=\"600\" data-id=\"1086\" src=\"https:\/\/www.kdksapieha.pl\/wp-content\/uploads\/2024\/11\/image.jpeg\" alt=\"Obrazek posiada pusty atrybut alt; plik o nazwie DSCF8398_20160907.jpg\" class=\"wp-image-1086\" srcset=\"https:\/\/www.kdksapieha.pl\/wp-content\/uploads\/2024\/11\/image.jpeg 800w, https:\/\/www.kdksapieha.pl\/wp-content\/uploads\/2024\/11\/image-300x225.jpeg 300w, https:\/\/www.kdksapieha.pl\/wp-content\/uploads\/2024\/11\/image-768x576.jpeg 768w\" sizes=\"auto, (max-width: 800px) 100vw, 800px\" \/><\/figure>\n\n\n\n<figure class=\"wp-block-image size-large\"><img loading=\"lazy\" decoding=\"async\" width=\"800\" height=\"600\" data-id=\"195\" src=\"https:\/\/www.kdksapieha.pl\/wp-content\/uploads\/2023\/12\/IMG_6505_20100406.jpg\" alt=\"\" class=\"wp-image-195\" srcset=\"https:\/\/www.kdksapieha.pl\/wp-content\/uploads\/2023\/12\/IMG_6505_20100406.jpg 800w, https:\/\/www.kdksapieha.pl\/wp-content\/uploads\/2023\/12\/IMG_6505_20100406-300x225.jpg 300w, https:\/\/www.kdksapieha.pl\/wp-content\/uploads\/2023\/12\/IMG_6505_20100406-768x576.jpg 768w\" sizes=\"auto, (max-width: 800px) 100vw, 800px\" \/><\/figure>\n\n\n\n<figure class=\"wp-block-image size-large\"><img loading=\"lazy\" decoding=\"async\" width=\"800\" height=\"533\" data-id=\"196\" src=\"https:\/\/www.kdksapieha.pl\/wp-content\/uploads\/2023\/12\/IMG_8080_20150324.jpg\" alt=\"\" class=\"wp-image-196\" srcset=\"https:\/\/www.kdksapieha.pl\/wp-content\/uploads\/2023\/12\/IMG_8080_20150324.jpg 800w, https:\/\/www.kdksapieha.pl\/wp-content\/uploads\/2023\/12\/IMG_8080_20150324-300x200.jpg 300w, https:\/\/www.kdksapieha.pl\/wp-content\/uploads\/2023\/12\/IMG_8080_20150324-768x512.jpg 768w\" sizes=\"auto, (max-width: 800px) 100vw, 800px\" \/><\/figure>\n<\/figure>\n\n\n\n<p>Koszt uczestnictwa w zaj\u0119ciach: 200 z\u0142 \/ miesi\u0105c.<\/p>\n\n\n\n<p>Poniedzia\u0142ek 17:30.  <\/p>\n\n\n\n<p>Termin do ustalenia po zebraniu grupy.<\/p>\n\n\n\n<p><\/p>\n","protected":false},"excerpt":{"rendered":"<p>Kursy decoupage&#8217;u (czyt. dekupa\u017cu) s\u0105 przeznaczone zar\u00f3wno dla doros\u0142ych, jak i m\u0142odzie\u017cy. Technika ta nie wymaga specjalnych zdolno\u015bci plastycznych, poniewa\u017c korzysta si\u0119 z gotowych wzor\u00f3w i reprodukcji, kt\u00f3re po prostu wycina si\u0119 (franc. &#8222;decouper&#8221; = wycina\u0107). Wystarcz\u0105 dobre ch\u0119ci, sprawne r\u0119ce i odrobina staranno\u015bci. Podczas zaj\u0119\u0107 w cz\u0119\u015bci teoretycznej omawiane s\u0105 materia\u0142y, sposoby przygotowania powierzchni, [&hellip;]<\/p>\n","protected":false},"author":1,"featured_media":0,"parent":0,"menu_order":4,"comment_status":"closed","ping_status":"closed","template":"","meta":{"footnotes":""},"class_list":["post-48","page","type-page","status-publish","hentry"],"blocksy_meta":[],"_links":{"self":[{"href":"https:\/\/www.kdksapieha.pl\/index.php\/wp-json\/wp\/v2\/pages\/48","targetHints":{"allow":["GET"]}}],"collection":[{"href":"https:\/\/www.kdksapieha.pl\/index.php\/wp-json\/wp\/v2\/pages"}],"about":[{"href":"https:\/\/www.kdksapieha.pl\/index.php\/wp-json\/wp\/v2\/types\/page"}],"author":[{"embeddable":true,"href":"https:\/\/www.kdksapieha.pl\/index.php\/wp-json\/wp\/v2\/users\/1"}],"replies":[{"embeddable":true,"href":"https:\/\/www.kdksapieha.pl\/index.php\/wp-json\/wp\/v2\/comments?post=48"}],"version-history":[{"count":11,"href":"https:\/\/www.kdksapieha.pl\/index.php\/wp-json\/wp\/v2\/pages\/48\/revisions"}],"predecessor-version":[{"id":1255,"href":"https:\/\/www.kdksapieha.pl\/index.php\/wp-json\/wp\/v2\/pages\/48\/revisions\/1255"}],"wp:attachment":[{"href":"https:\/\/www.kdksapieha.pl\/index.php\/wp-json\/wp\/v2\/media?parent=48"}],"curies":[{"name":"wp","href":"https:\/\/api.w.org\/{rel}","templated":true}]}}