{"id":24,"date":"2023-12-29T16:37:44","date_gmt":"2023-12-29T16:37:44","guid":{"rendered":"https:\/\/www.kdksapieha.pl\/?page_id=24"},"modified":"2024-03-21T16:25:33","modified_gmt":"2024-03-21T16:25:33","slug":"historia","status":"publish","type":"page","link":"https:\/\/www.kdksapieha.pl\/index.php\/historia\/","title":{"rendered":"Historia"},"content":{"rendered":"\n<p>W 1926 r. z inicjatywy arcybiskupa Adama Stefana Sapiehy powsta\u0142 na Grzeg\u00f3rzkach Dom Ludowy, kt\u00f3ry pe\u0142ni\u0142 funkcj\u0119 o\u015brodka kulturalno-o\u015bwiatowego dla tamtejszej spo\u0142eczno\u015bci. Wype\u0142ni\u0142 tym bia\u0142\u0105 plam\u0119 w planie Krakowa, obejmuj\u0105c zakresem swej dzia\u0142alno\u015bci okolice Grzeg\u00f3rzek i D\u0105bia, gdzie brakowa\u0142o takiej plac\u00f3wki. Niestety, od czasu okupacji a\u017c po rok 1988, Dom Ludowy znajdowa\u0142 si\u0119 w dyspozycji w\u0142adz \u015bwieckich, zmieniaj\u0105c kilkakrotnie gospodarza i przeznaczenie. Po latach stara\u0144, Parafia \u015bw. Kazimierza odzyska\u0142a ten budynek w 1988 r., ale w stanie ruiny. Remont trwa\u0142 10 lat. Pierwotnie dom parafialny mia\u0142 pe\u0142ni\u0107 rol\u0119 domu katechetycznego, ale gdy nauczanie religii przeniesiono do szk\u00f3\u0142, zdecydowano powr\u00f3ci\u0107 do idei fundatora, ks. kard. Sapiehy. We wrze\u015bniu 1998 r. dom parafialny ponownie przej\u0105\u0142 funkcj\u0119 o\u015brodka kultury a 10 maja 2004 r. przyj\u0105\u0142 nazw\u0119 Katolicki Dom Kultury im. ks. kard. A. S. Sapiehy.<\/p>\n\n\n\n<p>Specyfik\u0105 dzia\u0142ania KDK jest stworzenie warunk\u00f3w do rozwoju talent\u00f3w, pog\u0142\u0119biania znajomo\u015bci \u015bwiata, kultury i sztuki, przez pe\u0142ny przekr\u00f3j wiekowy od kilkuletnich dzieci po osoby doros\u0142e .<\/p>\n\n\n\n<p>Szeroka oferta ma na celu nie tylko edukacj\u0119 i rozwijanie talent\u00f3w, ale tak\u017ce integrowanie pokole\u0144 najbli\u017cszej spo\u0142eczno\u015bci. Wsp\u00f3lne uczestniczenie w wydarzeniach KDK i tworzenie dobra umacnia wi\u0119zi, otwiera na potrzeby innych, uczy aktywno\u015bci, kt\u00f3ra wskazuje drog\u0119 tw\u00f3rczego i m\u0105drego prze\u017cywania. Ta idea przy\u015bwieca\u0142a tw\u00f3rcom tego przedsi\u0119wzi\u0119cia, dlatego dom kultury przyj\u0105\u0142 imi\u0119 ks. kard. A. S. Sapiehy, niez\u0142omnego propagatora kultury dobra i prawo\u015bci.<\/p>\n\n\n\n<figure class=\"wp-block-gallery has-nested-images columns-default is-cropped wp-block-gallery-1 is-layout-flex wp-block-gallery-is-layout-flex\">\n<figure class=\"wp-block-image size-large\"><img loading=\"lazy\" decoding=\"async\" width=\"600\" height=\"450\" data-id=\"160\" src=\"https:\/\/www.kdksapieha.pl\/wp-content\/uploads\/2023\/12\/kdk-bok.jpg\" alt=\"\" class=\"wp-image-160\" srcset=\"https:\/\/www.kdksapieha.pl\/wp-content\/uploads\/2023\/12\/kdk-bok.jpg 600w, https:\/\/www.kdksapieha.pl\/wp-content\/uploads\/2023\/12\/kdk-bok-300x225.jpg 300w\" sizes=\"auto, (max-width: 600px) 100vw, 600px\" \/><\/figure>\n\n\n\n<figure class=\"wp-block-image size-large\"><img loading=\"lazy\" decoding=\"async\" width=\"600\" height=\"450\" data-id=\"161\" src=\"https:\/\/www.kdksapieha.pl\/wp-content\/uploads\/2023\/12\/kdk-front.jpg\" alt=\"\" class=\"wp-image-161\" srcset=\"https:\/\/www.kdksapieha.pl\/wp-content\/uploads\/2023\/12\/kdk-front.jpg 600w, https:\/\/www.kdksapieha.pl\/wp-content\/uploads\/2023\/12\/kdk-front-300x225.jpg 300w\" sizes=\"auto, (max-width: 600px) 100vw, 600px\" \/><\/figure>\n<\/figure>\n","protected":false},"excerpt":{"rendered":"<p>W 1926 r. z inicjatywy arcybiskupa Adama Stefana Sapiehy powsta\u0142 na Grzeg\u00f3rzkach Dom Ludowy, kt\u00f3ry pe\u0142ni\u0142 funkcj\u0119 o\u015brodka kulturalno-o\u015bwiatowego dla tamtejszej spo\u0142eczno\u015bci. Wype\u0142ni\u0142 tym bia\u0142\u0105 plam\u0119 w planie Krakowa, obejmuj\u0105c zakresem swej dzia\u0142alno\u015bci okolice Grzeg\u00f3rzek i D\u0105bia, gdzie brakowa\u0142o takiej plac\u00f3wki. Niestety, od czasu okupacji a\u017c po rok 1988, Dom Ludowy znajdowa\u0142 si\u0119 w dyspozycji [&hellip;]<\/p>\n","protected":false},"author":1,"featured_media":0,"parent":0,"menu_order":4,"comment_status":"closed","ping_status":"closed","template":"","meta":{"footnotes":""},"class_list":["post-24","page","type-page","status-publish","hentry"],"blocksy_meta":[],"_links":{"self":[{"href":"https:\/\/www.kdksapieha.pl\/index.php\/wp-json\/wp\/v2\/pages\/24","targetHints":{"allow":["GET"]}}],"collection":[{"href":"https:\/\/www.kdksapieha.pl\/index.php\/wp-json\/wp\/v2\/pages"}],"about":[{"href":"https:\/\/www.kdksapieha.pl\/index.php\/wp-json\/wp\/v2\/types\/page"}],"author":[{"embeddable":true,"href":"https:\/\/www.kdksapieha.pl\/index.php\/wp-json\/wp\/v2\/users\/1"}],"replies":[{"embeddable":true,"href":"https:\/\/www.kdksapieha.pl\/index.php\/wp-json\/wp\/v2\/comments?post=24"}],"version-history":[{"count":3,"href":"https:\/\/www.kdksapieha.pl\/index.php\/wp-json\/wp\/v2\/pages\/24\/revisions"}],"predecessor-version":[{"id":688,"href":"https:\/\/www.kdksapieha.pl\/index.php\/wp-json\/wp\/v2\/pages\/24\/revisions\/688"}],"wp:attachment":[{"href":"https:\/\/www.kdksapieha.pl\/index.php\/wp-json\/wp\/v2\/media?parent=24"}],"curies":[{"name":"wp","href":"https:\/\/api.w.org\/{rel}","templated":true}]}}