{"id":172,"date":"2023-12-30T08:41:37","date_gmt":"2023-12-30T08:41:37","guid":{"rendered":"https:\/\/www.kdksapieha.pl\/?page_id=172"},"modified":"2024-06-20T06:25:14","modified_gmt":"2024-06-20T06:25:14","slug":"cas","status":"publish","type":"page","link":"https:\/\/www.kdksapieha.pl\/index.php\/cas\/","title":{"rendered":"Centrum Aktywno\u015bci Senior\u00f3w"},"content":{"rendered":"\n<p>Centrum Aktywno\u015bci Senior\u00f3w przy Parafii \u015bw. Kazimierza, to projekt finansowany przez Gmin\u0119 Miejsk\u0105 Krak\u00f3w.&nbsp;<\/p>\n\n\n\n<p>Jest miejscem stworzonym specjalnie dla os\u00f3b w wieku 60+, aby umo\u017cliwi\u0107 korzystanie z ciekawej oferty zaj\u0119\u0107, wyj\u015b\u0107 i spotka\u0144. Szczeg\u00f3\u0142owe informacje na temat dzia\u0142alno\u015bci Centr\u00f3w Aktywno\u015bci Senior\u00f3w dost\u0119pne s\u0105 na stronie: <\/p>\n\n\n\n<p><a href=\"https:\/\/dlaseniora.krakow.pl\/278715,artykul,centra_aktywnosci_seniorow.html\" target=\"_blank\" rel=\"noreferrer noopener\">dlaseniora.krakow.pl\/278715,artykul,centra_aktywnosci_seniorow.html<\/a><\/p>\n\n\n\n<p>Wst\u0119p na wszystkie zaj\u0119cia jest bezp\u0142atny<\/p>\n\n\n\n<figure class=\"wp-block-gallery has-nested-images columns-default is-cropped wp-block-gallery-1 is-layout-flex wp-block-gallery-is-layout-flex\">\n<figure data-wp-context=\"{&quot;imageId&quot;:&quot;69e4cd5cefa52&quot;}\" data-wp-interactive=\"core\/image\" data-wp-key=\"69e4cd5cefa52\" class=\"wp-block-image size-large wp-lightbox-container\"><img loading=\"lazy\" decoding=\"async\" width=\"800\" height=\"600\" data-wp-class--hide=\"state.isContentHidden\" data-wp-class--show=\"state.isContentVisible\" data-wp-init=\"callbacks.setButtonStyles\" data-wp-on--click=\"actions.showLightbox\" data-wp-on--load=\"callbacks.setButtonStyles\" data-wp-on-window--resize=\"callbacks.setButtonStyles\" data-id=\"178\" src=\"https:\/\/www.kdksapieha.pl\/wp-content\/uploads\/2023\/12\/12310012_429119667295251_6239900858494483677_o_20160927.jpg\" alt=\"\" class=\"wp-image-178\" srcset=\"https:\/\/www.kdksapieha.pl\/wp-content\/uploads\/2023\/12\/12310012_429119667295251_6239900858494483677_o_20160927.jpg 800w, https:\/\/www.kdksapieha.pl\/wp-content\/uploads\/2023\/12\/12310012_429119667295251_6239900858494483677_o_20160927-300x225.jpg 300w, https:\/\/www.kdksapieha.pl\/wp-content\/uploads\/2023\/12\/12310012_429119667295251_6239900858494483677_o_20160927-768x576.jpg 768w\" sizes=\"auto, (max-width: 800px) 100vw, 800px\" \/><button\n\t\t\tclass=\"lightbox-trigger\"\n\t\t\ttype=\"button\"\n\t\t\taria-haspopup=\"dialog\"\n\t\t\taria-label=\"Powi\u0119ksz\"\n\t\t\tdata-wp-init=\"callbacks.initTriggerButton\"\n\t\t\tdata-wp-on--click=\"actions.showLightbox\"\n\t\t\tdata-wp-style--right=\"state.imageButtonRight\"\n\t\t\tdata-wp-style--top=\"state.imageButtonTop\"\n\t\t>\n\t\t\t<svg xmlns=\"http:\/\/www.w3.org\/2000\/svg\" width=\"12\" height=\"12\" fill=\"none\" viewBox=\"0 0 12 12\">\n\t\t\t\t<path fill=\"#fff\" d=\"M2 0a2 2 0 0 0-2 2v2h1.5V2a.5.5 0 0 1 .5-.5h2V0H2Zm2 10.5H2a.5.5 0 0 1-.5-.5V8H0v2a2 2 0 0 0 2 2h2v-1.5ZM8 12v-1.5h2a.5.5 0 0 0 .5-.5V8H12v2a2 2 0 0 1-2 2H8Zm2-12a2 2 0 0 1 2 2v2h-1.5V2a.5.5 0 0 0-.5-.5H8V0h2Z\" \/>\n\t\t\t<\/svg>\n\t\t<\/button><\/figure>\n\n\n\n<figure class=\"wp-block-image size-large\"><img loading=\"lazy\" decoding=\"async\" width=\"800\" height=\"600\" data-id=\"177\" src=\"https:\/\/www.kdksapieha.pl\/wp-content\/uploads\/2023\/12\/13161786_485589574981593_5622834375367032181_o_20160927.jpg\" alt=\"\" class=\"wp-image-177\" srcset=\"https:\/\/www.kdksapieha.pl\/wp-content\/uploads\/2023\/12\/13161786_485589574981593_5622834375367032181_o_20160927.jpg 800w, https:\/\/www.kdksapieha.pl\/wp-content\/uploads\/2023\/12\/13161786_485589574981593_5622834375367032181_o_20160927-300x225.jpg 300w, https:\/\/www.kdksapieha.pl\/wp-content\/uploads\/2023\/12\/13161786_485589574981593_5622834375367032181_o_20160927-768x576.jpg 768w\" sizes=\"auto, (max-width: 800px) 100vw, 800px\" \/><\/figure>\n\n\n\n<figure class=\"wp-block-image size-large\"><img loading=\"lazy\" decoding=\"async\" width=\"800\" height=\"450\" data-id=\"180\" src=\"https:\/\/www.kdksapieha.pl\/wp-content\/uploads\/2023\/12\/14379771_542485552625328_5588710716440583892_o_20160927.jpg\" alt=\"\" class=\"wp-image-180\" srcset=\"https:\/\/www.kdksapieha.pl\/wp-content\/uploads\/2023\/12\/14379771_542485552625328_5588710716440583892_o_20160927.jpg 800w, https:\/\/www.kdksapieha.pl\/wp-content\/uploads\/2023\/12\/14379771_542485552625328_5588710716440583892_o_20160927-300x169.jpg 300w, https:\/\/www.kdksapieha.pl\/wp-content\/uploads\/2023\/12\/14379771_542485552625328_5588710716440583892_o_20160927-768x432.jpg 768w\" sizes=\"auto, (max-width: 800px) 100vw, 800px\" \/><\/figure>\n\n\n\n<figure class=\"wp-block-image size-large\"><img loading=\"lazy\" decoding=\"async\" width=\"800\" height=\"450\" data-id=\"179\" src=\"https:\/\/www.kdksapieha.pl\/wp-content\/uploads\/2023\/12\/14468431_544423992431484_4998299113574027746_o_20160927.jpg\" alt=\"\" class=\"wp-image-179\" srcset=\"https:\/\/www.kdksapieha.pl\/wp-content\/uploads\/2023\/12\/14468431_544423992431484_4998299113574027746_o_20160927.jpg 800w, https:\/\/www.kdksapieha.pl\/wp-content\/uploads\/2023\/12\/14468431_544423992431484_4998299113574027746_o_20160927-300x169.jpg 300w, https:\/\/www.kdksapieha.pl\/wp-content\/uploads\/2023\/12\/14468431_544423992431484_4998299113574027746_o_20160927-768x432.jpg 768w\" sizes=\"auto, (max-width: 800px) 100vw, 800px\" \/><\/figure>\n\n\n\n<figure class=\"wp-block-image size-large\"><img loading=\"lazy\" decoding=\"async\" width=\"800\" height=\"600\" data-id=\"181\" src=\"https:\/\/www.kdksapieha.pl\/wp-content\/uploads\/2023\/12\/DSCF6176_20160927.jpg\" alt=\"\" class=\"wp-image-181\" srcset=\"https:\/\/www.kdksapieha.pl\/wp-content\/uploads\/2023\/12\/DSCF6176_20160927.jpg 800w, https:\/\/www.kdksapieha.pl\/wp-content\/uploads\/2023\/12\/DSCF6176_20160927-300x225.jpg 300w, https:\/\/www.kdksapieha.pl\/wp-content\/uploads\/2023\/12\/DSCF6176_20160927-768x576.jpg 768w\" sizes=\"auto, (max-width: 800px) 100vw, 800px\" \/><\/figure>\n\n\n\n<figure class=\"wp-block-image size-large\"><img loading=\"lazy\" decoding=\"async\" width=\"800\" height=\"600\" data-id=\"182\" src=\"https:\/\/www.kdksapieha.pl\/wp-content\/uploads\/2023\/12\/DSCF6607_20160927.jpg\" alt=\"\" class=\"wp-image-182\" srcset=\"https:\/\/www.kdksapieha.pl\/wp-content\/uploads\/2023\/12\/DSCF6607_20160927.jpg 800w, https:\/\/www.kdksapieha.pl\/wp-content\/uploads\/2023\/12\/DSCF6607_20160927-300x225.jpg 300w, https:\/\/www.kdksapieha.pl\/wp-content\/uploads\/2023\/12\/DSCF6607_20160927-768x576.jpg 768w\" sizes=\"auto, (max-width: 800px) 100vw, 800px\" \/><\/figure>\n\n\n\n<figure class=\"wp-block-image size-large\"><img loading=\"lazy\" decoding=\"async\" width=\"800\" height=\"600\" data-id=\"184\" src=\"https:\/\/www.kdksapieha.pl\/wp-content\/uploads\/2023\/12\/DSCF7037_20160927.jpg\" alt=\"\" class=\"wp-image-184\" srcset=\"https:\/\/www.kdksapieha.pl\/wp-content\/uploads\/2023\/12\/DSCF7037_20160927.jpg 800w, https:\/\/www.kdksapieha.pl\/wp-content\/uploads\/2023\/12\/DSCF7037_20160927-300x225.jpg 300w, https:\/\/www.kdksapieha.pl\/wp-content\/uploads\/2023\/12\/DSCF7037_20160927-768x576.jpg 768w\" sizes=\"auto, (max-width: 800px) 100vw, 800px\" \/><\/figure>\n\n\n\n<figure class=\"wp-block-image size-large\"><img loading=\"lazy\" decoding=\"async\" width=\"800\" height=\"600\" data-id=\"183\" src=\"https:\/\/www.kdksapieha.pl\/wp-content\/uploads\/2023\/12\/DSCF8717_20160927.jpg\" alt=\"\" class=\"wp-image-183\" srcset=\"https:\/\/www.kdksapieha.pl\/wp-content\/uploads\/2023\/12\/DSCF8717_20160927.jpg 800w, https:\/\/www.kdksapieha.pl\/wp-content\/uploads\/2023\/12\/DSCF8717_20160927-300x225.jpg 300w, https:\/\/www.kdksapieha.pl\/wp-content\/uploads\/2023\/12\/DSCF8717_20160927-768x576.jpg 768w\" sizes=\"auto, (max-width: 800px) 100vw, 800px\" \/><\/figure>\n\n\n\n<figure class=\"wp-block-image size-large\"><img loading=\"lazy\" decoding=\"async\" width=\"800\" height=\"600\" data-id=\"185\" src=\"https:\/\/www.kdksapieha.pl\/wp-content\/uploads\/2023\/12\/DSCF9849_20160927.jpg\" alt=\"\" class=\"wp-image-185\" srcset=\"https:\/\/www.kdksapieha.pl\/wp-content\/uploads\/2023\/12\/DSCF9849_20160927.jpg 800w, https:\/\/www.kdksapieha.pl\/wp-content\/uploads\/2023\/12\/DSCF9849_20160927-300x225.jpg 300w, https:\/\/www.kdksapieha.pl\/wp-content\/uploads\/2023\/12\/DSCF9849_20160927-768x576.jpg 768w\" sizes=\"auto, (max-width: 800px) 100vw, 800px\" \/><\/figure>\n<\/figure>\n","protected":false},"excerpt":{"rendered":"<p>Centrum Aktywno\u015bci Senior\u00f3w przy Parafii \u015bw. Kazimierza, to projekt finansowany przez Gmin\u0119 Miejsk\u0105 Krak\u00f3w.&nbsp; Jest miejscem stworzonym specjalnie dla os\u00f3b w wieku 60+, aby umo\u017cliwi\u0107 korzystanie z ciekawej oferty zaj\u0119\u0107, wyj\u015b\u0107 i spotka\u0144. Szczeg\u00f3\u0142owe informacje na temat dzia\u0142alno\u015bci Centr\u00f3w Aktywno\u015bci Senior\u00f3w dost\u0119pne s\u0105 na stronie: dlaseniora.krakow.pl\/278715,artykul,centra_aktywnosci_seniorow.html Wst\u0119p na wszystkie zaj\u0119cia jest bezp\u0142atny<\/p>\n","protected":false},"author":1,"featured_media":0,"parent":0,"menu_order":4,"comment_status":"closed","ping_status":"closed","template":"","meta":{"footnotes":""},"class_list":["post-172","page","type-page","status-publish","hentry"],"blocksy_meta":[],"_links":{"self":[{"href":"https:\/\/www.kdksapieha.pl\/index.php\/wp-json\/wp\/v2\/pages\/172","targetHints":{"allow":["GET"]}}],"collection":[{"href":"https:\/\/www.kdksapieha.pl\/index.php\/wp-json\/wp\/v2\/pages"}],"about":[{"href":"https:\/\/www.kdksapieha.pl\/index.php\/wp-json\/wp\/v2\/types\/page"}],"author":[{"embeddable":true,"href":"https:\/\/www.kdksapieha.pl\/index.php\/wp-json\/wp\/v2\/users\/1"}],"replies":[{"embeddable":true,"href":"https:\/\/www.kdksapieha.pl\/index.php\/wp-json\/wp\/v2\/comments?post=172"}],"version-history":[{"count":6,"href":"https:\/\/www.kdksapieha.pl\/index.php\/wp-json\/wp\/v2\/pages\/172\/revisions"}],"predecessor-version":[{"id":849,"href":"https:\/\/www.kdksapieha.pl\/index.php\/wp-json\/wp\/v2\/pages\/172\/revisions\/849"}],"wp:attachment":[{"href":"https:\/\/www.kdksapieha.pl\/index.php\/wp-json\/wp\/v2\/media?parent=172"}],"curies":[{"name":"wp","href":"https:\/\/api.w.org\/{rel}","templated":true}]}}