{"id":1241,"date":"2025-08-12T04:45:23","date_gmt":"2025-08-12T04:45:23","guid":{"rendered":"https:\/\/www.kdksapieha.pl\/?page_id=1241"},"modified":"2025-09-09T08:41:34","modified_gmt":"2025-09-09T08:41:34","slug":"integracja-sensoryczna-zajecia-indywidualne","status":"publish","type":"page","link":"https:\/\/www.kdksapieha.pl\/index.php\/integracja-sensoryczna-zajecia-indywidualne\/","title":{"rendered":"Integracja sensoryczna &#8211; zaj\u0119cia indywidualne"},"content":{"rendered":"\n<p>Integracja sensoryczna &#8211; zaj\u0119cia indywidualne<\/p>\n\n\n\n<ul class=\"wp-block-list\">\n<li>dla dzieci (od 4 roku \u017cycia)<\/li>\n\n\n\n<li>prowadzone w przyjaznej i bezpiecznej atmosferze<\/li>\n\n\n\n<li>wyj\u0105tkowy czas wspieraj\u0105cy wszechstronny rozw\u00f3j dziecka poprzez stymulacj\u0119 zmys\u0142\u00f3w \u2013 dotyku, wzroku, s\u0142uchu, w\u0119chu i propriocepcji \u2013 z uwzgl\u0119dnieniem jego indywidualnych potrzeb i mo\u017cliwo\u015bci.<\/li>\n\n\n\n<li>zaj\u0119cia prowadzone s\u0105 przez wykwalifikowanego terapeut\u0119 integracji sensorycznej, kt\u00f3ry w pracy z dzie\u0107mi kieruje si\u0119 empati\u0105 i cierpliwo\u015bci\u0105, buduj\u0105c z dzieckiem relacj\u0119 opart\u0105 na szacunku i zaufaniu.<\/li>\n<\/ul>\n\n\n\n<p>G\u0142\u00f3wne cele zaj\u0119\u0107:<\/p>\n\n\n\n<p>wspieranie rozwoju motoryki ma\u0142ej i du\u017cej,<br>poprawa koncentracji i koordynacji ruchowej,<br>regulacja emocji i wspomaganie wyciszenia,<br>rozw\u00f3j umiej\u0119tno\u015bci spo\u0142ecznych i komunikacyjnych,<br>budowanie poczucia w\u0142asnej warto\u015bci i sprawczo\u015bci.<br>Podczas spotka\u0144 wykorzystujemy r\u00f3\u017cnorodne metody pracy, oparte na holistycznym podej\u015bciu do dziecka.<\/p>\n\n\n\n<p>Zaj\u0119cia odbywaj\u0105 si\u0119 w formie indywidualnej (1:1), co pozwala na pe\u0142ne dostosowanie przebiegu spotkania do aktualnych potrzeb i nastroju dziecka.<\/p>\n\n\n\n<p>Terminy zaj\u0119\u0107 ustala si\u0119 telefonicznie bezpo\u015brednio z instruktorem po zapisie na zaj\u0119cia.<\/p>\n\n\n\n<p>Mo\u017cliwe godziny przed po\u0142udniem.<\/p>\n\n\n\n<p>Koszt uczestnictwa w zaj\u0119ciach: 90z\u0142 \/ 45 minut , 70z\u0142 \/ 30 min<\/p>\n\n\n\n<p>Karta zapisu: <a href=\"http:\/\/www.kdksapieha.pl\/wp-content\/uploads\/2025\/09\/Karta-zapisu-KDK-dzieci.pdf\" data-type=\"link\" data-id=\"http:\/\/www.kdksapieha.pl\/wp-content\/uploads\/2025\/09\/Karta-zapisu-KDK-dzieci.pdf\">Karta zapisu<\/a>, Regulamin zaj\u0119\u0107: <a href=\"http:\/\/www.kdksapieha.pl\/wp-content\/uploads\/2025\/09\/Regulamin-2024_2025-1.pdf\">Regulamin<\/a><\/p>\n\n\n\n<p><\/p>\n","protected":false},"excerpt":{"rendered":"<p>Integracja sensoryczna &#8211; zaj\u0119cia indywidualne G\u0142\u00f3wne cele zaj\u0119\u0107: wspieranie rozwoju motoryki ma\u0142ej i du\u017cej,poprawa koncentracji i koordynacji ruchowej,regulacja emocji i wspomaganie wyciszenia,rozw\u00f3j umiej\u0119tno\u015bci spo\u0142ecznych i komunikacyjnych,budowanie poczucia w\u0142asnej warto\u015bci i sprawczo\u015bci.Podczas spotka\u0144 wykorzystujemy r\u00f3\u017cnorodne metody pracy, oparte na holistycznym podej\u015bciu do dziecka. Zaj\u0119cia odbywaj\u0105 si\u0119 w formie indywidualnej (1:1), co pozwala na pe\u0142ne dostosowanie przebiegu [&hellip;]<\/p>\n","protected":false},"author":1,"featured_media":0,"parent":0,"menu_order":0,"comment_status":"closed","ping_status":"closed","template":"","meta":{"footnotes":""},"class_list":["post-1241","page","type-page","status-publish","hentry"],"blocksy_meta":[],"_links":{"self":[{"href":"https:\/\/www.kdksapieha.pl\/index.php\/wp-json\/wp\/v2\/pages\/1241","targetHints":{"allow":["GET"]}}],"collection":[{"href":"https:\/\/www.kdksapieha.pl\/index.php\/wp-json\/wp\/v2\/pages"}],"about":[{"href":"https:\/\/www.kdksapieha.pl\/index.php\/wp-json\/wp\/v2\/types\/page"}],"author":[{"embeddable":true,"href":"https:\/\/www.kdksapieha.pl\/index.php\/wp-json\/wp\/v2\/users\/1"}],"replies":[{"embeddable":true,"href":"https:\/\/www.kdksapieha.pl\/index.php\/wp-json\/wp\/v2\/comments?post=1241"}],"version-history":[{"count":3,"href":"https:\/\/www.kdksapieha.pl\/index.php\/wp-json\/wp\/v2\/pages\/1241\/revisions"}],"predecessor-version":[{"id":1307,"href":"https:\/\/www.kdksapieha.pl\/index.php\/wp-json\/wp\/v2\/pages\/1241\/revisions\/1307"}],"wp:attachment":[{"href":"https:\/\/www.kdksapieha.pl\/index.php\/wp-json\/wp\/v2\/media?parent=1241"}],"curies":[{"name":"wp","href":"https:\/\/api.w.org\/{rel}","templated":true}]}}